




{"id":883,"date":"2024-01-18T14:56:52","date_gmt":"2024-01-18T14:56:52","guid":{"rendered":"https:\/\/killwoon.lu\/conditions-generales-de-vente\/"},"modified":"2025-01-14T15:37:09","modified_gmt":"2025-01-14T15:37:09","slug":"conditions-generales-de-vente","status":"publish","type":"page","link":"https:\/\/killwoon.lu\/de\/conditions-generales-de-vente\/","title":{"rendered":"Allgemeine\u00a0Gesch\u00e4ftsbedingungen"},"content":{"rendered":"\n<p>Allgemeine&nbsp;Gesch\u00e4ftsbedingungen Killwoon.lu<\/p>\n\n\n\n<ul class=\"wp-block-list\">\n<li>Anh\u00e4nger werden nur an Privatpersonen vermietet. Die Person muss einen <strong>g\u00fcltigen Personalausweis und F\u00fchrerschein B-E vorlegen <\/strong>und die vereinbarte Kaution in bar hinterlegen. Bei einer Vermietung l\u00e4nger als 2 Tage ist die Mietsumme im Voraus f\u00e4llig.<\/li>\n<\/ul>\n\n\n\n<ul class=\"wp-block-list\">\n<li>Der Mieter ist verpflichtet, den gemieteten Anh\u00e4nger nur bestimmungsgem\u00e4\u00df einzusetzen und vor \u00dcberbeanspruchung zu sch\u00fctzen, sowie ihn pfleglich zu behandeln und um seine Erhaltung besorgt zu sein.<\/li>\n<\/ul>\n\n\n\n<ul class=\"wp-block-list\">\n<li>Der Mieter ist f\u00fcr eine ordnungsgem\u00e4\u00dfe Sicherung des Anh\u00e4ngers gegen Diebstahl verantwortlich und hat denselben bei Nacht an einem gesicherten Platz abzustellen und mit dem dazugeh\u00f6renden Schloss zu sichern.<\/li>\n<\/ul>\n\n\n\n<ul class=\"wp-block-list\">\n<li>Dem Mieter ist der Umgang mit einem Anh\u00e4nger bekannt und kennt die Richtlinien zur Ladungssicherung.<\/li>\n<\/ul>\n\n\n\n<ul class=\"wp-block-list\">\n<li>Der Vermieter hat den Anh\u00e4nger im betriebsf\u00e4higen Zustand zu Verf\u00fcgung zu stellen.<\/li>\n<\/ul>\n\n\n\n<ul class=\"wp-block-list\">\n<li>Der Zustand des Mietgegenstandes wird bei \u00dcbergabe an den Mieter im \u00dcbergabeprotokoll dokumentiert.<\/li>\n<\/ul>\n\n\n\n<ul class=\"wp-block-list\">\n<li>Sobald der Anh\u00e4nger am Zugfahrzeug des Mieters angeschlossen ist, haftet die KFZ Versicherung des Mieters f\u00fcr entstandene Sch\u00e4den im Stra\u00dfenverkehr. Nur an Fahrzeug angeschlossene Anh\u00e4nger, d\u00fcrfen diese am Stra\u00dfenverkehr teilnehmen. Ohne Zugfahrzeug d\u00fcrfen diese nicht bewegt werden.<\/li>\n<\/ul>\n\n\n\n<ul class=\"wp-block-list\">\n<li>Tritt ein Schadensfall w\u00e4hrend der Mietzeit ein, so hat der Mieter dem Vermieter hiervon unverz\u00fcglich in Kenntnis zu setzen, unter Angabe des Zeitpunktes und der Ursache des Schadensfalls sowie des Ausma\u00dfes der Besch\u00e4digung. Hierf\u00fcr ist der in den Unterlagen liegende Unfallfragebogen auszuf\u00fcllen. Ferner hat der Mieter bei einem Unfall stets die Polizei hinzuzuziehen.<\/li>\n\n\n\n<li>Im Falle eines eintretenden Totalverlusts f\u00fcr den der Mieter das Risiko tr\u00e4gt, hat dieser eine Bar-Entsch\u00e4digung in H\u00f6he des Zeitwertes f\u00fcr den Verlust geratenen Anh\u00e4nger zu leisten. Einigen sich die Parteien nicht \u00fcber die H\u00f6he des Zeitwerts zum Zeitpunkt des Verlusts, ist dieser durch einen Sachverst\u00e4ndigen festzulegen. Bei Totalverlust endet die Mietzahlung mit dem Tag des Schadensereignisses. Der Vermieter hat bis zum Eingang der Bar-Entsch\u00e4digung. Ist kein Totalschaden eingetreten, so hat der Mieter die Instandsetzungskosten zu tragen.<\/li>\n\n\n\n<li>Der Mieter ist verpflichtet, die Kosten anfallende Reparaturen zu tragen, die aufgrund seines Verschuldens entstanden sind. S\u00e4mtliche Reparaturen, auch die vom Mieter zu tragenden, f\u00fchrt der Vermieter durch.<\/li>\n<\/ul>\n\n\n\n<ul class=\"wp-block-list\">\n<li>Der Mieter ist nicht berechtigt Ver\u00e4nderungen am Mietgegenstand vorzunehmen sowie Kennzeichen zu entfernen.<\/li>\n<\/ul>\n\n\n\n<ul class=\"wp-block-list\">\n<li>Der Mieter darf Dritten keine Rechte an dem Anh\u00e4nger einr\u00e4umen (.B. Miete, Leihe) noch Rechte aus diesem Vertrag abtreten.<\/li>\n<\/ul>\n\n\n\n<ul class=\"wp-block-list\">\n<li>Der Mieter ist nicht berechtigt mit dem Anh\u00e4nger in das Ausland zu fahren, es sei denn es ist etwas anderes im Mietvertrag vereinbart.<\/li>\n<\/ul>\n\n\n\n<ul class=\"wp-block-list\">\n<li>Der Vermieter ist berechtigt, das Mietverh\u00e4ltnis mit sofortiger Wirkung zu k\u00fcndigen und den Anh\u00e4nger im Besitz zu nehmen, wenn der Mieter den Vertrag verletzt oder wenn sich nach Abschluss des Vertrages die Unzuverl\u00e4ssigkeit des Mieters herausstellt. Der Vermieter kann ein Vertragsangebot auch ohne Angabe von Gr\u00fcnden ablehnen.<\/li>\n<\/ul>\n\n\n\n<ul class=\"wp-block-list\">\n<li>Der Mieter ist verpflichtet, den Anh\u00e4nger am Ende der vereinbarten Mietzeit in besenreinem Zustand am Gesch\u00e4ftssitz des Vermieters zur\u00fcckzugeben. Der Vermieter kann noch innerhalb von 24 Stunden nach R\u00fcckgabe des Anh\u00e4ngers M\u00e4ngel beanstanden. Die Mindestmietdauer ist in der Regel 1 Tag. Eine Verl\u00e4ngerung des Mietvertrages ist nur mit Genehmigung des Vermieters vor Ablauf der Mietzeit zul\u00e4ssig.<\/li>\n\n\n\n<li>Der Anh\u00e4nger-K\u00fchlschr\u00e4nke hat dar\u00fcber hinaus bei R\u00fcckgabe in dem Zustand zu sein, der dem Vermietungszustand des Anh\u00e4ngers entspricht. Bei R\u00fcckgabe wird eine M\u00e4ngelliste erstellt und mit dem Zustand des Anh\u00e4ngers bei Vermietung verglichen.<\/li>\n\n\n\n<li>Im Falle einer nicht vereinbarten versp\u00e4teten R\u00fcckgabe wird f\u00fcr jeden Tag Versp\u00e4tung ein Mietzins in H\u00f6he des doppelten Tagesmietsatzes erhoben. Weitergehende Schadenersatzanspr\u00fcche bleiben vorbehalten.<\/li>\n<\/ul>\n\n\n\n<ul class=\"wp-block-list\">\n<li>Soweit in dem vorliegenden Vertrag nichts Abweichendes geregelt ist, gilt das Gesetz.<\/li>\n<\/ul>\n\n\n\n<ul class=\"wp-block-list\">\n<li>Erf\u00fcllungsort und Gerichtsstand bestimmen sich nach den gesetzlichen Vorgaben.<\/li>\n<\/ul>\n\n\n\n<ul class=\"wp-block-list\">\n<li>F\u00fcr diesen Vertrag sind die geltenden Gesetze und Gerichte in Luxemburg zust\u00e4ndig<\/li>\n<\/ul>\n","protected":false},"excerpt":{"rendered":"<p>Allgemeine&nbsp;Gesch\u00e4ftsbedingungen Killwoon.lu<\/p>\n","protected":false},"author":1,"featured_media":0,"parent":0,"menu_order":0,"comment_status":"closed","ping_status":"closed","template":"","meta":{"_et_pb_use_builder":"","_et_pb_old_content":"","_et_gb_content_width":"","footnotes":""},"class_list":["post-883","page","type-page","status-publish","hentry"],"yoast_head":"<!-- This site is optimized with the Yoast SEO plugin v27.5 - https:\/\/yoast.com\/product\/yoast-seo-wordpress\/ -->\n<title>Allgemeine\u00a0Gesch\u00e4ftsbedingungen - Killwoon<\/title>\n<meta name=\"robots\" content=\"index, follow, max-snippet:-1, max-image-preview:large, max-video-preview:-1\" \/>\n<link rel=\"canonical\" href=\"https:\/\/killwoon.lu\/de\/conditions-generales-de-vente\/\" \/>\n<meta property=\"og:locale\" content=\"de_DE\" \/>\n<meta property=\"og:type\" content=\"article\" \/>\n<meta property=\"og:title\" content=\"Allgemeine\u00a0Gesch\u00e4ftsbedingungen - Killwoon\" \/>\n<meta property=\"og:description\" content=\"Allgemeine&nbsp;Gesch\u00e4ftsbedingungen Killwoon.lu\" \/>\n<meta property=\"og:url\" content=\"https:\/\/killwoon.lu\/de\/conditions-generales-de-vente\/\" \/>\n<meta property=\"og:site_name\" content=\"Killwoon\" \/>\n<meta property=\"article:modified_time\" content=\"2025-01-14T15:37:09+00:00\" \/>\n<meta name=\"twitter:card\" content=\"summary_large_image\" \/>\n<meta name=\"twitter:label1\" content=\"Gesch\u00e4tzte Lesezeit\" \/>\n\t<meta name=\"twitter:data1\" content=\"3\u00a0Minuten\" \/>\n<script type=\"application\/ld+json\" class=\"yoast-schema-graph\">{\"@context\":\"https:\\\/\\\/schema.org\",\"@graph\":[{\"@type\":\"WebPage\",\"@id\":\"https:\\\/\\\/killwoon.lu\\\/de\\\/conditions-generales-de-vente\\\/\",\"url\":\"https:\\\/\\\/killwoon.lu\\\/de\\\/conditions-generales-de-vente\\\/\",\"name\":\"Allgemeine\u00a0Gesch\u00e4ftsbedingungen - Killwoon\",\"isPartOf\":{\"@id\":\"https:\\\/\\\/killwoon.lu\\\/de\\\/#website\"},\"datePublished\":\"2024-01-18T14:56:52+00:00\",\"dateModified\":\"2025-01-14T15:37:09+00:00\",\"breadcrumb\":{\"@id\":\"https:\\\/\\\/killwoon.lu\\\/de\\\/conditions-generales-de-vente\\\/#breadcrumb\"},\"inLanguage\":\"de\",\"potentialAction\":[{\"@type\":\"ReadAction\",\"target\":[\"https:\\\/\\\/killwoon.lu\\\/de\\\/conditions-generales-de-vente\\\/\"]}]},{\"@type\":\"BreadcrumbList\",\"@id\":\"https:\\\/\\\/killwoon.lu\\\/de\\\/conditions-generales-de-vente\\\/#breadcrumb\",\"itemListElement\":[{\"@type\":\"ListItem\",\"position\":1,\"name\":\"Home\",\"item\":\"https:\\\/\\\/killwoon.lu\\\/de\\\/home\\\/\"},{\"@type\":\"ListItem\",\"position\":2,\"name\":\"Allgemeine\u00a0Gesch\u00e4ftsbedingungen\"}]},{\"@type\":\"WebSite\",\"@id\":\"https:\\\/\\\/killwoon.lu\\\/de\\\/#website\",\"url\":\"https:\\\/\\\/killwoon.lu\\\/de\\\/\",\"name\":\"Killwoon\",\"description\":\"\",\"publisher\":{\"@id\":\"https:\\\/\\\/killwoon.lu\\\/de\\\/#organization\"},\"potentialAction\":[{\"@type\":\"SearchAction\",\"target\":{\"@type\":\"EntryPoint\",\"urlTemplate\":\"https:\\\/\\\/killwoon.lu\\\/de\\\/?s={search_term_string}\"},\"query-input\":{\"@type\":\"PropertyValueSpecification\",\"valueRequired\":true,\"valueName\":\"search_term_string\"}}],\"inLanguage\":\"de\"},{\"@type\":\"Organization\",\"@id\":\"https:\\\/\\\/killwoon.lu\\\/de\\\/#organization\",\"name\":\"Killwoon\",\"url\":\"https:\\\/\\\/killwoon.lu\\\/de\\\/\",\"logo\":{\"@type\":\"ImageObject\",\"inLanguage\":\"de\",\"@id\":\"https:\\\/\\\/killwoon.lu\\\/de\\\/#\\\/schema\\\/logo\\\/image\\\/\",\"url\":\"https:\\\/\\\/killwoon.lu\\\/wp-content\\\/uploads\\\/2020\\\/03\\\/Email-header.png\",\"contentUrl\":\"https:\\\/\\\/killwoon.lu\\\/wp-content\\\/uploads\\\/2020\\\/03\\\/Email-header.png\",\"width\":910,\"height\":200,\"caption\":\"Killwoon\"},\"image\":{\"@id\":\"https:\\\/\\\/killwoon.lu\\\/de\\\/#\\\/schema\\\/logo\\\/image\\\/\"}}]}<\/script>\n<!-- \/ Yoast SEO plugin. -->","yoast_head_json":{"title":"Allgemeine\u00a0Gesch\u00e4ftsbedingungen - Killwoon","robots":{"index":"index","follow":"follow","max-snippet":"max-snippet:-1","max-image-preview":"max-image-preview:large","max-video-preview":"max-video-preview:-1"},"canonical":"https:\/\/killwoon.lu\/de\/conditions-generales-de-vente\/","og_locale":"de_DE","og_type":"article","og_title":"Allgemeine\u00a0Gesch\u00e4ftsbedingungen - Killwoon","og_description":"Allgemeine&nbsp;Gesch\u00e4ftsbedingungen Killwoon.lu","og_url":"https:\/\/killwoon.lu\/de\/conditions-generales-de-vente\/","og_site_name":"Killwoon","article_modified_time":"2025-01-14T15:37:09+00:00","twitter_card":"summary_large_image","twitter_misc":{"Gesch\u00e4tzte Lesezeit":"3\u00a0Minuten"},"schema":{"@context":"https:\/\/schema.org","@graph":[{"@type":"WebPage","@id":"https:\/\/killwoon.lu\/de\/conditions-generales-de-vente\/","url":"https:\/\/killwoon.lu\/de\/conditions-generales-de-vente\/","name":"Allgemeine\u00a0Gesch\u00e4ftsbedingungen - Killwoon","isPartOf":{"@id":"https:\/\/killwoon.lu\/de\/#website"},"datePublished":"2024-01-18T14:56:52+00:00","dateModified":"2025-01-14T15:37:09+00:00","breadcrumb":{"@id":"https:\/\/killwoon.lu\/de\/conditions-generales-de-vente\/#breadcrumb"},"inLanguage":"de","potentialAction":[{"@type":"ReadAction","target":["https:\/\/killwoon.lu\/de\/conditions-generales-de-vente\/"]}]},{"@type":"BreadcrumbList","@id":"https:\/\/killwoon.lu\/de\/conditions-generales-de-vente\/#breadcrumb","itemListElement":[{"@type":"ListItem","position":1,"name":"Home","item":"https:\/\/killwoon.lu\/de\/home\/"},{"@type":"ListItem","position":2,"name":"Allgemeine\u00a0Gesch\u00e4ftsbedingungen"}]},{"@type":"WebSite","@id":"https:\/\/killwoon.lu\/de\/#website","url":"https:\/\/killwoon.lu\/de\/","name":"Killwoon","description":"","publisher":{"@id":"https:\/\/killwoon.lu\/de\/#organization"},"potentialAction":[{"@type":"SearchAction","target":{"@type":"EntryPoint","urlTemplate":"https:\/\/killwoon.lu\/de\/?s={search_term_string}"},"query-input":{"@type":"PropertyValueSpecification","valueRequired":true,"valueName":"search_term_string"}}],"inLanguage":"de"},{"@type":"Organization","@id":"https:\/\/killwoon.lu\/de\/#organization","name":"Killwoon","url":"https:\/\/killwoon.lu\/de\/","logo":{"@type":"ImageObject","inLanguage":"de","@id":"https:\/\/killwoon.lu\/de\/#\/schema\/logo\/image\/","url":"https:\/\/killwoon.lu\/wp-content\/uploads\/2020\/03\/Email-header.png","contentUrl":"https:\/\/killwoon.lu\/wp-content\/uploads\/2020\/03\/Email-header.png","width":910,"height":200,"caption":"Killwoon"},"image":{"@id":"https:\/\/killwoon.lu\/de\/#\/schema\/logo\/image\/"}}]}},"_links":{"self":[{"href":"https:\/\/killwoon.lu\/de\/wp-json\/wp\/v2\/pages\/883","targetHints":{"allow":["GET"]}}],"collection":[{"href":"https:\/\/killwoon.lu\/de\/wp-json\/wp\/v2\/pages"}],"about":[{"href":"https:\/\/killwoon.lu\/de\/wp-json\/wp\/v2\/types\/page"}],"author":[{"embeddable":true,"href":"https:\/\/killwoon.lu\/de\/wp-json\/wp\/v2\/users\/1"}],"replies":[{"embeddable":true,"href":"https:\/\/killwoon.lu\/de\/wp-json\/wp\/v2\/comments?post=883"}],"version-history":[{"count":1,"href":"https:\/\/killwoon.lu\/de\/wp-json\/wp\/v2\/pages\/883\/revisions"}],"predecessor-version":[{"id":885,"href":"https:\/\/killwoon.lu\/de\/wp-json\/wp\/v2\/pages\/883\/revisions\/885"}],"wp:attachment":[{"href":"https:\/\/killwoon.lu\/de\/wp-json\/wp\/v2\/media?parent=883"}],"curies":[{"name":"wp","href":"https:\/\/api.w.org\/{rel}","templated":true}]}}