




{"id":430,"date":"2020-03-12T12:00:54","date_gmt":"2020-03-12T12:00:54","guid":{"rendered":"https:\/\/killwoon.lu\/home\/"},"modified":"2025-01-14T15:46:51","modified_gmt":"2025-01-14T15:46:51","slug":"home","status":"publish","type":"page","link":"https:\/\/killwoon.lu\/lu\/","title":{"rendered":"Starts\u00e4it"},"content":{"rendered":"<p>[et_pb_section fb_built=&#8221;1&#8243; _builder_version=&#8221;4.16&#8243; background_color=&#8221;#e0eeff&#8221; z_index=&#8221;0&#8243; custom_padding=&#8221;0vw||0px||false|false&#8221; global_colors_info=&#8221;{}&#8221;][et_pb_row column_structure=&#8221;1_2,1_2&#8243; make_equal=&#8221;on&#8221; _builder_version=&#8221;4.16&#8243; z_index=&#8221;1&#8243; max_width=&#8221;70%&#8221; max_width_tablet=&#8221;100%&#8221; max_width_phone=&#8221;&#8221; max_width_last_edited=&#8221;on|phone&#8221; custom_padding=&#8221;0px||0px||false|false&#8221; scroll_vertical_motion=&#8221;0|50|50|100|0|0|-1.06&#8243; scroll_vertical_motion_tablet=&#8221;0|50|50|100|0|0|-0.5&#8243; scroll_vertical_motion_phone=&#8221;&#8221; scroll_vertical_motion_last_edited=&#8221;on|phone&#8221; custom_css_main_element=&#8221;align-items: center;&#8221; border_radii_tablet=&#8221;&#8221; border_radii_phone=&#8221;&#8221; border_radii_last_edited=&#8221;on|phone&#8221; global_colors_info=&#8221;{}&#8221;][et_pb_column type=&#8221;1_2&#8243; _builder_version=&#8221;4.16&#8243; z_index=&#8221;1&#8243; border_radii=&#8221;off||||&#8221; border_radii_tablet=&#8221;off||||&#8221; border_radii_phone=&#8221;&#8221; border_radii_last_edited=&#8221;on|tablet&#8221; global_colors_info=&#8221;{}&#8221;][et_pb_gallery gallery_ids=&#8221;663,812,669,666,886&#8243; fullwidth=&#8221;on&#8221; module_class=&#8221;divi-gallery-slider&#8221; _builder_version=&#8221;4.27.4&#8243; _module_preset=&#8221;default&#8221; auto=&#8221;on&#8221; auto_speed=&#8221;5000&#8243; hover_enabled=&#8221;0&#8243; custom_css_free_form=&#8221;\/*Set the height of the slide image*\/||.divi-gallery-slider .et_pb_gallery_image img {||   height: 500px;||  object-fit: cover;||}||||\/*Align the slide image to the middle*\/||.divi-gallery-slider .et_pb_gallery_image {||   line-height: 0;||   text-align: center;||}||||||\/*Style the slider previous and next buttons*\/||.divi-gallery-slider a.et-pb-arrow-prev {||   color: white!important;||   background: rgba(0,0,0,0.70);||   margin-left: 18px;||}||.divi-gallery-slider a.et-pb-arrow-next {||   color: white!important;||   background: rgba(0,0,0,0.70);||   margin-right: 18px;||}||||||||&#8221; global_colors_info=&#8221;{}&#8221; sticky_enabled=&#8221;0&#8243;][\/et_pb_gallery][\/et_pb_column][et_pb_column type=&#8221;1_2&#8243; _builder_version=&#8221;4.16&#8243; background_enable_color=&#8221;off&#8221; z_index=&#8221;0&#8243; custom_padding=&#8221;30px|30px|30px|30px|false|false&#8221; global_colors_info=&#8221;{}&#8221;][et_pb_text _builder_version=&#8221;4.16&#8243; header_text_color=&#8221;#3596ff&#8221; header_3_font=&#8221;Baloo 2 Medium||||||||&#8221; header_3_text_color=&#8221;#3596ff&#8221; header_3_font_size=&#8221;27px&#8221; header_3_line_height=&#8221;1.2em&#8221; background_enable_color=&#8221;off&#8221; global_colors_info=&#8221;{}&#8221;]<\/p>\n<h3>Fir dass \u00e4r Fester ouni Stress an mat kaalem Gedr\u00e9nks oder frechen Iessen gefeiert kenne gin bidden ech d\u2019 Locatioun vun engem Killwoon un deen vollstens equipeiert as, an senges gl\u00e4ichen siicht.<\/h3>\n<p>&nbsp;<\/p>\n<p>&nbsp;<\/p>\n<p>&nbsp;<\/p>\n<h3>E Juegdservice kann gebucht ginn.<br \/> \u00c4r R\u00ebndfleesch g\u00ebtt pers\u00e9inlech vun mir un den H\u00e4ndler oder Metzler vun \u00c4rer Wiel transport\u00e9iert.<\/h3>\n<p>[\/et_pb_text][\/et_pb_column][\/et_pb_row][\/et_pb_section][et_pb_section fb_built=&#8221;1&#8243; inner_shadow=&#8221;on&#8221; _builder_version=&#8221;4.16&#8243; use_background_color_gradient=&#8221;on&#8221; background_color_gradient_stops=&#8221;rgba(255,255,255,0.3) 0%|#57a8ff 100%&#8221; background_color_gradient_overlays_image=&#8221;on&#8221; background_color_gradient_start=&#8221;rgba(255,255,255,0.3)&#8221; background_color_gradient_end=&#8221;#57a8ff&#8221; background_image=&#8221;https:\/\/killwoon.lu\/wp-content\/uploads\/2020\/03\/watch-tower-802102_1920.jpg&#8221; custom_padding=&#8221;0px||0px|||&#8221; background_last_edited=&#8221;on|desktop&#8221; background_color_gradient_stops_tablet=&#8221;rgba(87,168,255,0.43) 0%|#57a8ff 100%&#8221; background_color_gradient_start_tablet=&#8221;rgba(87,168,255,0.43)&#8221; global_colors_info=&#8221;{}&#8221;][et_pb_row column_structure=&#8221;1_2,1_2&#8243; make_equal=&#8221;on&#8221; _builder_version=&#8221;4.16&#8243; background_enable_color=&#8221;off&#8221; position_origin_r=&#8221;top_right&#8221; z_index=&#8221;2&#8243; max_width=&#8221;56%&#8221; max_width_tablet=&#8221;100%&#8221; max_width_phone=&#8221;&#8221; max_width_last_edited=&#8221;on|tablet&#8221; custom_margin=&#8221;||||false|false&#8221; custom_padding=&#8221;0px||0px||false|false&#8221; custom_css_main_element=&#8221;align-items: center;&#8221; border_radii=&#8221;off||||&#8221; border_radii_tablet=&#8221;&#8221; border_radii_phone=&#8221;&#8221; border_radii_last_edited=&#8221;on|desktop&#8221; global_colors_info=&#8221;{}&#8221;][et_pb_column type=&#8221;1_2&#8243; _builder_version=&#8221;4.16&#8243; custom_padding=&#8221;30px|30px|30px|30px|false|false&#8221; global_colors_info=&#8221;{}&#8221;][et_pb_text _builder_version=&#8221;4.16&#8243; header_3_font=&#8221;Baloo 2 Medium||||||||&#8221; header_3_text_color=&#8221;#ffffff&#8221; header_3_font_size=&#8221;27px&#8221; header_3_line_height=&#8221;1.2em&#8221; text_orientation=&#8221;right&#8221; text_orientation_tablet=&#8221;left&#8221; text_orientation_phone=&#8221;&#8221; text_orientation_last_edited=&#8221;on|tablet&#8221; header_3_text_shadow_style=&#8221;preset1&#8243; header_3_text_shadow_horizontal_length=&#8221;0.02em&#8221; header_3_text_shadow_blur_strength=&#8221;0.12em&#8221; header_3_text_shadow_color=&#8221;rgba(0,0,0,0.16)&#8221; global_colors_info=&#8221;{}&#8221; header_3_text_shadow_horizontal_length__hover_enabled=&#8221;on|desktop&#8221; header_3_text_shadow_horizontal_length__hover=&#8221;0.02em&#8221;]<\/p>\n<h3>Als qualifiz\u00e9ierten Jee\u00ebr, deen a Gesondheet an Hygi\u00e8ne train\u00e9iert ass, garant\u00e9ieren ech Iech e qualitativ h\u00e9ichw\u00e4ertege Service wann de komplette Juegdservice gebucht ass.<\/h3>\n<p>[\/et_pb_text][et_pb_text _builder_version=&#8221;4.24.0&#8243; link_font=&#8221;|700|||||||&#8221; link_text_color=&#8221;#FFFFFF&#8221; link_font_size=&#8221;24px&#8221; header_3_font=&#8221;Baloo 2 Medium||||||||&#8221; header_3_text_color=&#8221;#ffffff&#8221; header_3_font_size=&#8221;27px&#8221; header_3_line_height=&#8221;1.2em&#8221; text_orientation=&#8221;right&#8221; text_orientation_tablet=&#8221;left&#8221; text_orientation_phone=&#8221;&#8221; text_orientation_last_edited=&#8221;on|tablet&#8221; link_text_shadow_style=&#8221;preset1&#8243; header_3_text_shadow_style=&#8221;preset1&#8243; header_3_text_shadow_horizontal_length=&#8221;0.02em&#8221; header_3_text_shadow_blur_strength=&#8221;0.12em&#8221; header_3_text_shadow_color=&#8221;rgba(0,0,0,0.16)&#8221; global_colors_info=&#8221;{}&#8221; header_3_text_shadow_horizontal_length__hover_enabled=&#8221;on|desktop&#8221; header_3_text_shadow_horizontal_length__hover=&#8221;0.02em&#8221;]<\/p>\n<h3>Distributor for<\/h3>\n<p><a href=\"https:\/\/www.mobijagd.de\" target=\"_blank\" rel=\"noopener\">www.mobijagd.de<\/a><\/p>\n<p>[\/et_pb_text][\/et_pb_column][et_pb_column type=&#8221;1_2&#8243; _builder_version=&#8221;4.16&#8243; z_index=&#8221;-1&#8243; custom_padding=&#8221;||||false|false&#8221; border_radii=&#8221;off||||&#8221; border_radii_tablet=&#8221;off|80px|80px||&#8221; border_radii_phone=&#8221;&#8221; border_radii_last_edited=&#8221;on|phone&#8221; global_colors_info=&#8221;{}&#8221;][et_pb_image src=&#8221;https:\/\/killwoon.lu\/wp-content\/uploads\/2020\/10\/Killwoon2.JPG.jpg&#8221; align_tablet=&#8221;center&#8221; align_phone=&#8221;&#8221; align_last_edited=&#8221;on|desktop&#8221; _builder_version=&#8221;4.16&#8243; box_shadow_style=&#8221;preset6&#8243; box_shadow_vertical=&#8221;-13px&#8221; box_shadow_blur=&#8221;52px&#8221; box_shadow_spread=&#8221;10px&#8221; box_shadow_color=&#8221;rgba(0,0,0,0.22)&#8221; global_colors_info=&#8221;{}&#8221;][\/et_pb_image][\/et_pb_column][\/et_pb_row][\/et_pb_section][et_pb_section fb_built=&#8221;1&#8243; _builder_version=&#8221;4.16&#8243; custom_padding=&#8221;0px|||||&#8221; global_colors_info=&#8221;{}&#8221;][et_pb_row make_equal=&#8221;on&#8221; _builder_version=&#8221;4.16&#8243; background_color=&#8221;rgba(0,0,0,0.02)&#8221; use_background_color_gradient=&#8221;on&#8221; background_color_gradient_stops=&#8221;#f5faff 0%|#ffffff 100%&#8221; background_color_gradient_start=&#8221;#f5faff&#8221; background_color_gradient_end=&#8221;#ffffff&#8221; width=&#8221;100%&#8221; max_width=&#8221;100%&#8221; module_alignment=&#8221;center&#8221; custom_padding=&#8221;0px||0px||false|false&#8221; scroll_horizontal_motion=&#8221;0|50|50|100|-18|0|4.5&#8243; motion_trigger_start=&#8221;top&#8221; global_colors_info=&#8221;{}&#8221;][et_pb_column type=&#8221;4_4&#8243; _builder_version=&#8221;4.16&#8243; scroll_horizontal_motion_enable=&#8221;on&#8221; scroll_horizontal_motion=&#8221;0|50|50|100|-18.5|0|18.5&#8243; scroll_fade_enable=&#8221;on&#8221; scroll_fade=&#8221;0|50|50|80|0%|100|0%&#8221; scroll_scaling_enable=&#8221;on&#8221; scroll_blur=&#8221;0|40|60|100|2px|0px|0px&#8221; motion_trigger_start=&#8221;bottom&#8221; scroll_horizontal_motion_tablet=&#8221;0|50|50|100|-3.5|0|9&#8243; scroll_horizontal_motion_phone=&#8221;0|50|50|100|-3.5|0|3.5&#8243; scroll_horizontal_motion_last_edited=&#8221;on|phone&#8221; scroll_fade_tablet=&#8221;0|50|50|75|0%|100|0%&#8221; scroll_fade_phone=&#8221;0|50|50|78|0%|100|0%&#8221; scroll_fade_last_edited=&#8221;on|tablet&#8221; global_colors_info=&#8221;{}&#8221;][et_pb_image src=&#8221;https:\/\/killwoon.lu\/wp-content\/uploads\/2020\/03\/Killwoon-Woon.png&#8221; align=&#8221;center&#8221; _builder_version=&#8221;4.16&#8243; max_width=&#8221;11%&#8221; max_width_tablet=&#8221;26%&#8221; max_width_phone=&#8221;36%&#8221; max_width_last_edited=&#8221;on|phone&#8221; scroll_horizontal_motion=&#8221;0|50|50|100|27|0|22&#8243; global_colors_info=&#8221;{}&#8221;][\/et_pb_image][\/et_pb_column][\/et_pb_row][et_pb_row _builder_version=&#8221;4.16&#8243; max_width=&#8221;100%&#8221; global_colors_info=&#8221;{}&#8221;][et_pb_column type=&#8221;4_4&#8243; _builder_version=&#8221;4.16&#8243; global_colors_info=&#8221;{}&#8221;][et_pb_text _builder_version=&#8221;4.16&#8243; header_font=&#8221;Baloo 2 Bold||||||||&#8221; header_text_align=&#8221;center&#8221; header_font_size=&#8221;40px&#8221; global_colors_info=&#8221;{}&#8221;]<\/p>\n<h1>\u00c4ren Distributeur<\/h1>\n<p>[\/et_pb_text][et_pb_image src=&#8221;https:\/\/killwoon.lu\/wp-content\/uploads\/2020\/03\/Distributeur-Luxembourg.jpg&#8221; align=&#8221;center&#8221; _builder_version=&#8221;4.16&#8243; max_width=&#8221;35%&#8221; max_width_tablet=&#8221;58%&#8221; max_width_phone=&#8221;66%&#8221; max_width_last_edited=&#8221;on|phone&#8221; module_alignment=&#8221;center&#8221; global_colors_info=&#8221;{}&#8221;][\/et_pb_image][et_pb_button button_url=&#8221;https:\/\/killwoon.lu\/wp-content\/uploads\/2020\/03\/Certificates.pdf&#8221; url_new_window=&#8221;on&#8221; button_text=&#8221;Certificat&#8221; button_alignment=&#8221;center&#8221; _builder_version=&#8221;4.16&#8243; custom_button=&#8221;on&#8221; button_text_size=&#8221;35px&#8221; button_text_color=&#8221;#ffffff&#8221; button_bg_color=&#8221;#5cc6ff&#8221; button_font=&#8221;Baloo 2 Bold||||||||&#8221; custom_padding=&#8221;|10%||10%|false|true&#8221; global_colors_info=&#8221;{}&#8221;][\/et_pb_button][\/et_pb_column][\/et_pb_row][\/et_pb_section][et_pb_section fb_built=&#8221;1&#8243; _builder_version=&#8221;4.16&#8243; global_colors_info=&#8221;{}&#8221;][et_pb_row _builder_version=&#8221;4.16&#8243; global_colors_info=&#8221;{}&#8221;][et_pb_column type=&#8221;4_4&#8243; _builder_version=&#8221;4.16&#8243; global_colors_info=&#8221;{}&#8221;][et_pb_text _builder_version=&#8221;4.16&#8243; header_font=&#8221;Baloo 2 Bold||||||||&#8221; header_text_align=&#8221;center&#8221; header_font_size=&#8221;47px&#8221; global_colors_info=&#8221;{}&#8221;]<\/p>\n<h1>Froen?<\/h1>\n<p>[\/et_pb_text][et_pb_contact_form use_spam_service=&#8221;on&#8221; recaptcha_list=&#8221;Default-0&#8243; email=&#8221;la-va.luxemburg@pt.lu&#8221; custom_message=&#8221;Name: %%Name%%||et_pb_line_break_holder||||et_pb_line_break_holder||Email Address: %%Email%%||et_pb_line_break_holder||||et_pb_line_break_holder||Message: %%Message%%&#8221; submit_button_text=&#8221;Versch\u00e9cken&#8221; _builder_version=&#8221;4.16&#8243; _unique_id=&#8221;93ab34da-e7af-4274-ac87-09608964fb8c&#8221; global_colors_info=&#8221;{}&#8221;][et_pb_contact_field field_id=&#8221;Name&#8221; field_title=&#8221;Numm&#8221; _builder_version=&#8221;4.16&#8243; global_colors_info=&#8221;{}&#8221; button_text_size__hover_enabled=&#8221;off&#8221; button_one_text_size__hover_enabled=&#8221;off&#8221; button_two_text_size__hover_enabled=&#8221;off&#8221; button_text_color__hover_enabled=&#8221;off&#8221; button_one_text_color__hover_enabled=&#8221;off&#8221; button_two_text_color__hover_enabled=&#8221;off&#8221; button_border_width__hover_enabled=&#8221;off&#8221; button_one_border_width__hover_enabled=&#8221;off&#8221; button_two_border_width__hover_enabled=&#8221;off&#8221; button_border_color__hover_enabled=&#8221;off&#8221; button_one_border_color__hover_enabled=&#8221;off&#8221; button_two_border_color__hover_enabled=&#8221;off&#8221; button_border_radius__hover_enabled=&#8221;off&#8221; button_one_border_radius__hover_enabled=&#8221;off&#8221; button_two_border_radius__hover_enabled=&#8221;off&#8221; button_letter_spacing__hover_enabled=&#8221;off&#8221; button_one_letter_spacing__hover_enabled=&#8221;off&#8221; button_two_letter_spacing__hover_enabled=&#8221;off&#8221; button_bg_color__hover_enabled=&#8221;off&#8221; button_one_bg_color__hover_enabled=&#8221;off&#8221; button_two_bg_color__hover_enabled=&#8221;off&#8221;][\/et_pb_contact_field][et_pb_contact_field field_id=&#8221;Email&#8221; field_title=&#8221;E-Mail Address&#8221; field_type=&#8221;email&#8221; _builder_version=&#8221;4.16&#8243; global_colors_info=&#8221;{}&#8221; button_text_size__hover_enabled=&#8221;off&#8221; button_one_text_size__hover_enabled=&#8221;off&#8221; button_two_text_size__hover_enabled=&#8221;off&#8221; button_text_color__hover_enabled=&#8221;off&#8221; button_one_text_color__hover_enabled=&#8221;off&#8221; button_two_text_color__hover_enabled=&#8221;off&#8221; button_border_width__hover_enabled=&#8221;off&#8221; button_one_border_width__hover_enabled=&#8221;off&#8221; button_two_border_width__hover_enabled=&#8221;off&#8221; button_border_color__hover_enabled=&#8221;off&#8221; button_one_border_color__hover_enabled=&#8221;off&#8221; button_two_border_color__hover_enabled=&#8221;off&#8221; button_border_radius__hover_enabled=&#8221;off&#8221; button_one_border_radius__hover_enabled=&#8221;off&#8221; button_two_border_radius__hover_enabled=&#8221;off&#8221; button_letter_spacing__hover_enabled=&#8221;off&#8221; button_one_letter_spacing__hover_enabled=&#8221;off&#8221; button_two_letter_spacing__hover_enabled=&#8221;off&#8221; button_bg_color__hover_enabled=&#8221;off&#8221; button_one_bg_color__hover_enabled=&#8221;off&#8221; button_two_bg_color__hover_enabled=&#8221;off&#8221;][\/et_pb_contact_field][et_pb_contact_field field_id=&#8221;Message&#8221; field_title=&#8221;Noochrecht&#8221; field_type=&#8221;text&#8221; fullwidth_field=&#8221;on&#8221; _builder_version=&#8221;4.16&#8243; global_colors_info=&#8221;{}&#8221; button_text_size__hover_enabled=&#8221;off&#8221; button_one_text_size__hover_enabled=&#8221;off&#8221; button_two_text_size__hover_enabled=&#8221;off&#8221; button_text_color__hover_enabled=&#8221;off&#8221; button_one_text_color__hover_enabled=&#8221;off&#8221; button_two_text_color__hover_enabled=&#8221;off&#8221; button_border_width__hover_enabled=&#8221;off&#8221; button_one_border_width__hover_enabled=&#8221;off&#8221; button_two_border_width__hover_enabled=&#8221;off&#8221; button_border_color__hover_enabled=&#8221;off&#8221; button_one_border_color__hover_enabled=&#8221;off&#8221; button_two_border_color__hover_enabled=&#8221;off&#8221; button_border_radius__hover_enabled=&#8221;off&#8221; button_one_border_radius__hover_enabled=&#8221;off&#8221; button_two_border_radius__hover_enabled=&#8221;off&#8221; button_letter_spacing__hover_enabled=&#8221;off&#8221; button_one_letter_spacing__hover_enabled=&#8221;off&#8221; button_two_letter_spacing__hover_enabled=&#8221;off&#8221; button_bg_color__hover_enabled=&#8221;off&#8221; button_one_bg_color__hover_enabled=&#8221;off&#8221; button_two_bg_color__hover_enabled=&#8221;off&#8221;][\/et_pb_contact_field][\/et_pb_contact_form][\/et_pb_column][\/et_pb_row][\/et_pb_section]<\/p>\n","protected":false},"excerpt":{"rendered":"<p>Fir dass \u00e4r Fester ouni Stress an mat kaalem Gedr\u00e9nks oder frechen Iessen gefeiert kenne gin bidden ech d\u2019 Locatioun vun engem Killwoon un deen vollstens equipeiert as, an senges gl\u00e4ichen siicht. &nbsp; &nbsp; &nbsp; E Juegdservice kann gebucht ginn. \u00c4r R\u00ebndfleesch g\u00ebtt pers\u00e9inlech vun mir un den H\u00e4ndler oder Metzler vun \u00c4rer Wiel transport\u00e9iert.Als [&hellip;]<\/p>\n","protected":false},"author":1,"featured_media":0,"parent":0,"menu_order":0,"comment_status":"closed","ping_status":"closed","template":"","meta":{"_et_pb_use_builder":"on","_et_pb_old_content":"","_et_gb_content_width":"","footnotes":""},"class_list":["post-430","page","type-page","status-publish","hentry"],"yoast_head":"<!-- This site is optimized with the Yoast SEO plugin v27.5 - https:\/\/yoast.com\/product\/yoast-seo-wordpress\/ -->\n<title>Starts\u00e4it - Killwoon<\/title>\n<meta name=\"robots\" content=\"index, follow, max-snippet:-1, max-image-preview:large, max-video-preview:-1\" \/>\n<link rel=\"canonical\" href=\"https:\/\/killwoon.lu\/lu\/\" \/>\n<meta property=\"og:locale\" content=\"en_US\" \/>\n<meta property=\"og:type\" content=\"article\" \/>\n<meta property=\"og:title\" content=\"Starts\u00e4it - Killwoon\" \/>\n<meta property=\"og:description\" content=\"Fir dass \u00e4r Fester ouni Stress an mat kaalem Gedr\u00e9nks oder frechen Iessen gefeiert kenne gin bidden ech d\u2019 Locatioun vun engem Killwoon un deen vollstens equipeiert as, an senges gl\u00e4ichen siicht. &nbsp; &nbsp; &nbsp; E Juegdservice kann gebucht ginn. \u00c4r R\u00ebndfleesch g\u00ebtt pers\u00e9inlech vun mir un den H\u00e4ndler oder Metzler vun \u00c4rer Wiel transport\u00e9iert.Als [&hellip;]\" \/>\n<meta property=\"og:url\" content=\"https:\/\/killwoon.lu\/lu\/\" \/>\n<meta property=\"og:site_name\" content=\"Killwoon\" \/>\n<meta property=\"article:modified_time\" content=\"2025-01-14T15:46:51+00:00\" \/>\n<meta name=\"twitter:card\" content=\"summary_large_image\" \/>\n<meta name=\"twitter:label1\" content=\"Est. reading time\" \/>\n\t<meta name=\"twitter:data1\" content=\"9 minutes\" \/>\n<script type=\"application\/ld+json\" class=\"yoast-schema-graph\">{\"@context\":\"https:\\\/\\\/schema.org\",\"@graph\":[{\"@type\":\"WebPage\",\"@id\":\"https:\\\/\\\/killwoon.lu\\\/lu\\\/\",\"url\":\"https:\\\/\\\/killwoon.lu\\\/lu\\\/\",\"name\":\"Starts\u00e4it - Killwoon\",\"isPartOf\":{\"@id\":\"https:\\\/\\\/killwoon.lu\\\/lu\\\/#website\"},\"datePublished\":\"2020-03-12T12:00:54+00:00\",\"dateModified\":\"2025-01-14T15:46:51+00:00\",\"breadcrumb\":{\"@id\":\"https:\\\/\\\/killwoon.lu\\\/lu\\\/#breadcrumb\"},\"inLanguage\":\"lu-LU\",\"potentialAction\":[{\"@type\":\"ReadAction\",\"target\":[\"https:\\\/\\\/killwoon.lu\\\/lu\\\/\"]}]},{\"@type\":\"BreadcrumbList\",\"@id\":\"https:\\\/\\\/killwoon.lu\\\/lu\\\/#breadcrumb\",\"itemListElement\":[{\"@type\":\"ListItem\",\"position\":1,\"name\":\"Home\",\"item\":\"https:\\\/\\\/killwoon.lu\\\/lu\\\/home\\\/\"},{\"@type\":\"ListItem\",\"position\":2,\"name\":\"Starts\u00e4it\"}]},{\"@type\":\"WebSite\",\"@id\":\"https:\\\/\\\/killwoon.lu\\\/lu\\\/#website\",\"url\":\"https:\\\/\\\/killwoon.lu\\\/lu\\\/\",\"name\":\"Killwoon\",\"description\":\"\",\"publisher\":{\"@id\":\"https:\\\/\\\/killwoon.lu\\\/lu\\\/#organization\"},\"potentialAction\":[{\"@type\":\"SearchAction\",\"target\":{\"@type\":\"EntryPoint\",\"urlTemplate\":\"https:\\\/\\\/killwoon.lu\\\/lu\\\/?s={search_term_string}\"},\"query-input\":{\"@type\":\"PropertyValueSpecification\",\"valueRequired\":true,\"valueName\":\"search_term_string\"}}],\"inLanguage\":\"lu-LU\"},{\"@type\":\"Organization\",\"@id\":\"https:\\\/\\\/killwoon.lu\\\/lu\\\/#organization\",\"name\":\"Killwoon\",\"url\":\"https:\\\/\\\/killwoon.lu\\\/lu\\\/\",\"logo\":{\"@type\":\"ImageObject\",\"inLanguage\":\"lu-LU\",\"@id\":\"https:\\\/\\\/killwoon.lu\\\/lu\\\/#\\\/schema\\\/logo\\\/image\\\/\",\"url\":\"https:\\\/\\\/killwoon.lu\\\/wp-content\\\/uploads\\\/2020\\\/03\\\/Email-header.png\",\"contentUrl\":\"https:\\\/\\\/killwoon.lu\\\/wp-content\\\/uploads\\\/2020\\\/03\\\/Email-header.png\",\"width\":910,\"height\":200,\"caption\":\"Killwoon\"},\"image\":{\"@id\":\"https:\\\/\\\/killwoon.lu\\\/lu\\\/#\\\/schema\\\/logo\\\/image\\\/\"}}]}<\/script>\n<!-- \/ Yoast SEO plugin. -->","yoast_head_json":{"title":"Starts\u00e4it - Killwoon","robots":{"index":"index","follow":"follow","max-snippet":"max-snippet:-1","max-image-preview":"max-image-preview:large","max-video-preview":"max-video-preview:-1"},"canonical":"https:\/\/killwoon.lu\/lu\/","og_locale":"en_US","og_type":"article","og_title":"Starts\u00e4it - Killwoon","og_description":"Fir dass \u00e4r Fester ouni Stress an mat kaalem Gedr\u00e9nks oder frechen Iessen gefeiert kenne gin bidden ech d\u2019 Locatioun vun engem Killwoon un deen vollstens equipeiert as, an senges gl\u00e4ichen siicht. &nbsp; &nbsp; &nbsp; E Juegdservice kann gebucht ginn. \u00c4r R\u00ebndfleesch g\u00ebtt pers\u00e9inlech vun mir un den H\u00e4ndler oder Metzler vun \u00c4rer Wiel transport\u00e9iert.Als [&hellip;]","og_url":"https:\/\/killwoon.lu\/lu\/","og_site_name":"Killwoon","article_modified_time":"2025-01-14T15:46:51+00:00","twitter_card":"summary_large_image","twitter_misc":{"Est. reading time":"9 minutes"},"schema":{"@context":"https:\/\/schema.org","@graph":[{"@type":"WebPage","@id":"https:\/\/killwoon.lu\/lu\/","url":"https:\/\/killwoon.lu\/lu\/","name":"Starts\u00e4it - Killwoon","isPartOf":{"@id":"https:\/\/killwoon.lu\/lu\/#website"},"datePublished":"2020-03-12T12:00:54+00:00","dateModified":"2025-01-14T15:46:51+00:00","breadcrumb":{"@id":"https:\/\/killwoon.lu\/lu\/#breadcrumb"},"inLanguage":"lu-LU","potentialAction":[{"@type":"ReadAction","target":["https:\/\/killwoon.lu\/lu\/"]}]},{"@type":"BreadcrumbList","@id":"https:\/\/killwoon.lu\/lu\/#breadcrumb","itemListElement":[{"@type":"ListItem","position":1,"name":"Home","item":"https:\/\/killwoon.lu\/lu\/home\/"},{"@type":"ListItem","position":2,"name":"Starts\u00e4it"}]},{"@type":"WebSite","@id":"https:\/\/killwoon.lu\/lu\/#website","url":"https:\/\/killwoon.lu\/lu\/","name":"Killwoon","description":"","publisher":{"@id":"https:\/\/killwoon.lu\/lu\/#organization"},"potentialAction":[{"@type":"SearchAction","target":{"@type":"EntryPoint","urlTemplate":"https:\/\/killwoon.lu\/lu\/?s={search_term_string}"},"query-input":{"@type":"PropertyValueSpecification","valueRequired":true,"valueName":"search_term_string"}}],"inLanguage":"lu-LU"},{"@type":"Organization","@id":"https:\/\/killwoon.lu\/lu\/#organization","name":"Killwoon","url":"https:\/\/killwoon.lu\/lu\/","logo":{"@type":"ImageObject","inLanguage":"lu-LU","@id":"https:\/\/killwoon.lu\/lu\/#\/schema\/logo\/image\/","url":"https:\/\/killwoon.lu\/wp-content\/uploads\/2020\/03\/Email-header.png","contentUrl":"https:\/\/killwoon.lu\/wp-content\/uploads\/2020\/03\/Email-header.png","width":910,"height":200,"caption":"Killwoon"},"image":{"@id":"https:\/\/killwoon.lu\/lu\/#\/schema\/logo\/image\/"}}]}},"_links":{"self":[{"href":"https:\/\/killwoon.lu\/lu\/wp-json\/wp\/v2\/pages\/430","targetHints":{"allow":["GET"]}}],"collection":[{"href":"https:\/\/killwoon.lu\/lu\/wp-json\/wp\/v2\/pages"}],"about":[{"href":"https:\/\/killwoon.lu\/lu\/wp-json\/wp\/v2\/types\/page"}],"author":[{"embeddable":true,"href":"https:\/\/killwoon.lu\/lu\/wp-json\/wp\/v2\/users\/1"}],"replies":[{"embeddable":true,"href":"https:\/\/killwoon.lu\/lu\/wp-json\/wp\/v2\/comments?post=430"}],"version-history":[{"count":12,"href":"https:\/\/killwoon.lu\/lu\/wp-json\/wp\/v2\/pages\/430\/revisions"}],"predecessor-version":[{"id":893,"href":"https:\/\/killwoon.lu\/lu\/wp-json\/wp\/v2\/pages\/430\/revisions\/893"}],"wp:attachment":[{"href":"https:\/\/killwoon.lu\/lu\/wp-json\/wp\/v2\/media?parent=430"}],"curies":[{"name":"wp","href":"https:\/\/api.w.org\/{rel}","templated":true}]}}