




{"id":882,"date":"2024-01-18T14:56:52","date_gmt":"2024-01-18T14:56:52","guid":{"rendered":"https:\/\/killwoon.lu\/conditions-generales-de-vente\/"},"modified":"2025-01-14T15:40:19","modified_gmt":"2025-01-14T15:40:19","slug":"conditions-generales-de-vente","status":"publish","type":"page","link":"https:\/\/killwoon.lu\/lu\/conditions-generales-de-vente\/","title":{"rendered":"Conditions g\u00e9n\u00e9rales de vente"},"content":{"rendered":"\n<p>Conditions g\u00e9n\u00e9rales de vente Killwoon.lu<\/p>\n\n\n\n<ul class=\"wp-block-list\">\n<li>Les remorques sont lou\u00e9es aux particuliers et communes. La personne doit pr\u00e9senter une carte d&#8217;identit\u00e9 et un permis de conduire B-E valables et d\u00e9poser la caution convenue en esp\u00e8ces. Pour une location de plus de 2 jours, le montant de la location est d\u00fb \u00e0 l&#8217;avance.<\/li>\n\n\n\n<li>Le locataire est tenu de n&#8217;utiliser la remorque lou\u00e9e que conform\u00e9ment \u00e0 sa destination et de la prot\u00e9ger contre toute sollicitation excessive, de la traiter avec soin et de veiller \u00e0 sa conservation.<\/li>\n\n\n\n<li>Le locataire est responsable de la protection de la remorque contre le vol et doit la garer la nuit dans un endroit s\u00fbr et la s\u00e9curiser avec le cadenas correspondant.<\/li>\n\n\n\n<li>Le locataire sait comment utiliser une remorque et conna\u00eet les directives relatives \u00e0 l&#8217;arrimage du chargement.<\/li>\n\n\n\n<li>Le loueur doit mettre \u00e0 disposition la remorque en \u00e9tat de fonctionnement.<\/li>\n\n\n\n<li>L&#8217;\u00e9tat de l&#8217;objet lou\u00e9 est document\u00e9 dans le proc\u00e8s-verbal de remise lors de la remise au locataire.<\/li>\n\n\n\n<li>D\u00e8s que la remorque est attel\u00e9e au v\u00e9hicule tracteur du locataire, l&#8217;assurance automobile du locataire est responsable des dommages caus\u00e9s sur la route. Seules les remorques attel\u00e9es au v\u00e9hicule peuvent circuler sur la voie publique. Sans v\u00e9hicule tracteur, elles ne peuvent pas \u00eatre d\u00e9plac\u00e9es.<\/li>\n\n\n\n<li>Si un sinistre survient pendant la p\u00e9riode de location, le locataire doit en informer imm\u00e9diatement le loueur, en indiquant la date et la cause du sinistre ainsi que l&#8217;\u00e9tendue des dommages. Pour ce faire, il doit remplir le questionnaire d&#8217;accident qui se trouve dans le dossier. En outre, le locataire doit toujours faire appel \u00e0 la police en cas d&#8217;accident.<\/li>\n\n\n\n<li>En cas de perte totale, dont le risque est support\u00e9 par le locataire, celui-ci doit verser une indemnit\u00e9 en esp\u00e8ces correspondant \u00e0 la valeur actuelle de la remorque perdue. Si les parties ne se mettent pas d&#8217;accord sur le montant de la valeur actuelle au moment de la perte, celle-ci doit \u00eatre fix\u00e9e par un expert. En cas de perte totale, le paiement de la location prend fin le jour de la survenance du sinistre. Le bailleur a jusqu&#8217;\u00e0 la r\u00e9ception de l&#8217;indemnit\u00e9 en esp\u00e8ces. S&#8217;il n&#8217;y a pas eu de perte totale, le locataire doit prendre en charge les frais de remise en \u00e9tat.<\/li>\n\n\n\n<li>Le locataire est tenu de prendre en charge les frais de r\u00e9paration occasionn\u00e9s par sa faute. Toutes les r\u00e9parations, y compris celles qui sont \u00e0 la charge du locataire, sont effectu\u00e9es par le loueur.<\/li>\n\n\n\n<li>Le locataire n&#8217;est pas autoris\u00e9 \u00e0 apporter des modifications \u00e0 l&#8217;objet lou\u00e9 ni \u00e0 enlever les plaques d&#8217;immatriculation.<\/li>\n\n\n\n<li>Le locataire n&#8217;a pas le droit d&#8217;accorder des droits \u00e0 des tiers sur la remorque (par ex. location, pr\u00eat) ni de c\u00e9der des droits d\u00e9coulant du pr\u00e9sent contrat.<\/li>\n\n\n\n<li>Le locataire est tenu de restituer la remorque au si\u00e8ge social du loueur \u00e0 la fin de la p\u00e9riode de location convenue, dans un \u00e9tat de propret\u00e9 irr\u00e9prochable. Le loueur peut encore faire une r\u00e9clamation dans les 24 heures suivant la restitution de la remorque. La dur\u00e9e de location est en g\u00e9n\u00e9ral la dur\u00e9e du contrat. Une prolongation du contrat de location n&#8217;est autoris\u00e9e qu&#8217;avec l&#8217;accord du loueur avant la fin de la p\u00e9riode de location. Un nouveau contrat sera r\u00e9dig\u00e9.<\/li>\n\n\n\n<li>Le r\u00e9frig\u00e9rateur de la remorque doit en outre \u00eatre restitu\u00e9 dans un \u00e9tat correspondant \u00e0 l&#8217;\u00e9tat de location de la remorque. Lors de la restitution, une liste des d\u00e9fauts sera \u00e9tablie et compar\u00e9e \u00e0 l&#8217;\u00e9tat de la remorque lors de la location.<\/li>\n\n\n\n<li>En cas de restitution tardive non convenue, un loyer \u00e9quivalent au double du tarif journalier de location sera per\u00e7u pour chaque jour de retard. D&#8217;autres demandes de dommages et int\u00e9r\u00eats demeurent r\u00e9serv\u00e9es.<\/li>\n\n\n\n<li>Sauf disposition contraire dans le pr\u00e9sent contrat, la loi s&#8217;applique.<\/li>\n\n\n\n<li>Le lieu d&#8217;ex\u00e9cution et le tribunal comp\u00e9tent sont d\u00e9termin\u00e9s conform\u00e9ment aux dispositions l\u00e9gales.<\/li>\n\n\n\n<li>Le pr\u00e9sent contrat est r\u00e9gi par les lois et les tribunaux en vigueur au Luxembourg.<\/li>\n<\/ul>\n","protected":false},"excerpt":{"rendered":"<p>Conditions g\u00e9n\u00e9rales de vente Killwoon.lu<\/p>\n","protected":false},"author":1,"featured_media":0,"parent":0,"menu_order":0,"comment_status":"closed","ping_status":"closed","template":"","meta":{"_et_pb_use_builder":"off","_et_pb_old_content":"","_et_gb_content_width":"1080","footnotes":""},"class_list":["post-882","page","type-page","status-publish","hentry"],"yoast_head":"<!-- This site is optimized with the Yoast SEO plugin v27.3 - https:\/\/yoast.com\/product\/yoast-seo-wordpress\/ -->\n<title>Conditions g\u00e9n\u00e9rales de vente - Killwoon<\/title>\n<meta name=\"robots\" content=\"index, follow, max-snippet:-1, max-image-preview:large, max-video-preview:-1\" \/>\n<link rel=\"canonical\" href=\"https:\/\/killwoon.lu\/lu\/conditions-generales-de-vente\/\" \/>\n<meta property=\"og:locale\" content=\"en_US\" \/>\n<meta property=\"og:type\" content=\"article\" \/>\n<meta property=\"og:title\" content=\"Conditions g\u00e9n\u00e9rales de vente - Killwoon\" \/>\n<meta property=\"og:description\" content=\"Conditions g\u00e9n\u00e9rales de vente Killwoon.lu\" \/>\n<meta property=\"og:url\" content=\"https:\/\/killwoon.lu\/lu\/conditions-generales-de-vente\/\" \/>\n<meta property=\"og:site_name\" content=\"Killwoon\" \/>\n<meta property=\"article:modified_time\" content=\"2025-01-14T15:40:19+00:00\" \/>\n<meta name=\"twitter:card\" content=\"summary_large_image\" \/>\n<meta name=\"twitter:label1\" content=\"Est. reading time\" \/>\n\t<meta name=\"twitter:data1\" content=\"3 minutes\" \/>\n<script type=\"application\/ld+json\" class=\"yoast-schema-graph\">{\"@context\":\"https:\\\/\\\/schema.org\",\"@graph\":[{\"@type\":\"WebPage\",\"@id\":\"https:\\\/\\\/killwoon.lu\\\/lu\\\/conditions-generales-de-vente\\\/\",\"url\":\"https:\\\/\\\/killwoon.lu\\\/lu\\\/conditions-generales-de-vente\\\/\",\"name\":\"Conditions g\u00e9n\u00e9rales de vente - Killwoon\",\"isPartOf\":{\"@id\":\"https:\\\/\\\/killwoon.lu\\\/lu\\\/#website\"},\"datePublished\":\"2024-01-18T14:56:52+00:00\",\"dateModified\":\"2025-01-14T15:40:19+00:00\",\"breadcrumb\":{\"@id\":\"https:\\\/\\\/killwoon.lu\\\/lu\\\/conditions-generales-de-vente\\\/#breadcrumb\"},\"inLanguage\":\"lu-LU\",\"potentialAction\":[{\"@type\":\"ReadAction\",\"target\":[\"https:\\\/\\\/killwoon.lu\\\/lu\\\/conditions-generales-de-vente\\\/\"]}]},{\"@type\":\"BreadcrumbList\",\"@id\":\"https:\\\/\\\/killwoon.lu\\\/lu\\\/conditions-generales-de-vente\\\/#breadcrumb\",\"itemListElement\":[{\"@type\":\"ListItem\",\"position\":1,\"name\":\"Home\",\"item\":\"https:\\\/\\\/killwoon.lu\\\/lu\\\/home\\\/\"},{\"@type\":\"ListItem\",\"position\":2,\"name\":\"Conditions g\u00e9n\u00e9rales de vente\"}]},{\"@type\":\"WebSite\",\"@id\":\"https:\\\/\\\/killwoon.lu\\\/lu\\\/#website\",\"url\":\"https:\\\/\\\/killwoon.lu\\\/lu\\\/\",\"name\":\"Killwoon\",\"description\":\"\",\"publisher\":{\"@id\":\"https:\\\/\\\/killwoon.lu\\\/lu\\\/#organization\"},\"potentialAction\":[{\"@type\":\"SearchAction\",\"target\":{\"@type\":\"EntryPoint\",\"urlTemplate\":\"https:\\\/\\\/killwoon.lu\\\/lu\\\/?s={search_term_string}\"},\"query-input\":{\"@type\":\"PropertyValueSpecification\",\"valueRequired\":true,\"valueName\":\"search_term_string\"}}],\"inLanguage\":\"lu-LU\"},{\"@type\":\"Organization\",\"@id\":\"https:\\\/\\\/killwoon.lu\\\/lu\\\/#organization\",\"name\":\"Killwoon\",\"url\":\"https:\\\/\\\/killwoon.lu\\\/lu\\\/\",\"logo\":{\"@type\":\"ImageObject\",\"inLanguage\":\"lu-LU\",\"@id\":\"https:\\\/\\\/killwoon.lu\\\/lu\\\/#\\\/schema\\\/logo\\\/image\\\/\",\"url\":\"https:\\\/\\\/killwoon.lu\\\/wp-content\\\/uploads\\\/2020\\\/03\\\/Email-header.png\",\"contentUrl\":\"https:\\\/\\\/killwoon.lu\\\/wp-content\\\/uploads\\\/2020\\\/03\\\/Email-header.png\",\"width\":910,\"height\":200,\"caption\":\"Killwoon\"},\"image\":{\"@id\":\"https:\\\/\\\/killwoon.lu\\\/lu\\\/#\\\/schema\\\/logo\\\/image\\\/\"}}]}<\/script>\n<!-- \/ Yoast SEO plugin. -->","yoast_head_json":{"title":"Conditions g\u00e9n\u00e9rales de vente - Killwoon","robots":{"index":"index","follow":"follow","max-snippet":"max-snippet:-1","max-image-preview":"max-image-preview:large","max-video-preview":"max-video-preview:-1"},"canonical":"https:\/\/killwoon.lu\/lu\/conditions-generales-de-vente\/","og_locale":"en_US","og_type":"article","og_title":"Conditions g\u00e9n\u00e9rales de vente - Killwoon","og_description":"Conditions g\u00e9n\u00e9rales de vente Killwoon.lu","og_url":"https:\/\/killwoon.lu\/lu\/conditions-generales-de-vente\/","og_site_name":"Killwoon","article_modified_time":"2025-01-14T15:40:19+00:00","twitter_card":"summary_large_image","twitter_misc":{"Est. reading time":"3 minutes"},"schema":{"@context":"https:\/\/schema.org","@graph":[{"@type":"WebPage","@id":"https:\/\/killwoon.lu\/lu\/conditions-generales-de-vente\/","url":"https:\/\/killwoon.lu\/lu\/conditions-generales-de-vente\/","name":"Conditions g\u00e9n\u00e9rales de vente - Killwoon","isPartOf":{"@id":"https:\/\/killwoon.lu\/lu\/#website"},"datePublished":"2024-01-18T14:56:52+00:00","dateModified":"2025-01-14T15:40:19+00:00","breadcrumb":{"@id":"https:\/\/killwoon.lu\/lu\/conditions-generales-de-vente\/#breadcrumb"},"inLanguage":"lu-LU","potentialAction":[{"@type":"ReadAction","target":["https:\/\/killwoon.lu\/lu\/conditions-generales-de-vente\/"]}]},{"@type":"BreadcrumbList","@id":"https:\/\/killwoon.lu\/lu\/conditions-generales-de-vente\/#breadcrumb","itemListElement":[{"@type":"ListItem","position":1,"name":"Home","item":"https:\/\/killwoon.lu\/lu\/home\/"},{"@type":"ListItem","position":2,"name":"Conditions g\u00e9n\u00e9rales de vente"}]},{"@type":"WebSite","@id":"https:\/\/killwoon.lu\/lu\/#website","url":"https:\/\/killwoon.lu\/lu\/","name":"Killwoon","description":"","publisher":{"@id":"https:\/\/killwoon.lu\/lu\/#organization"},"potentialAction":[{"@type":"SearchAction","target":{"@type":"EntryPoint","urlTemplate":"https:\/\/killwoon.lu\/lu\/?s={search_term_string}"},"query-input":{"@type":"PropertyValueSpecification","valueRequired":true,"valueName":"search_term_string"}}],"inLanguage":"lu-LU"},{"@type":"Organization","@id":"https:\/\/killwoon.lu\/lu\/#organization","name":"Killwoon","url":"https:\/\/killwoon.lu\/lu\/","logo":{"@type":"ImageObject","inLanguage":"lu-LU","@id":"https:\/\/killwoon.lu\/lu\/#\/schema\/logo\/image\/","url":"https:\/\/killwoon.lu\/wp-content\/uploads\/2020\/03\/Email-header.png","contentUrl":"https:\/\/killwoon.lu\/wp-content\/uploads\/2020\/03\/Email-header.png","width":910,"height":200,"caption":"Killwoon"},"image":{"@id":"https:\/\/killwoon.lu\/lu\/#\/schema\/logo\/image\/"}}]}},"_links":{"self":[{"href":"https:\/\/killwoon.lu\/lu\/wp-json\/wp\/v2\/pages\/882","targetHints":{"allow":["GET"]}}],"collection":[{"href":"https:\/\/killwoon.lu\/lu\/wp-json\/wp\/v2\/pages"}],"about":[{"href":"https:\/\/killwoon.lu\/lu\/wp-json\/wp\/v2\/types\/page"}],"author":[{"embeddable":true,"href":"https:\/\/killwoon.lu\/lu\/wp-json\/wp\/v2\/users\/1"}],"replies":[{"embeddable":true,"href":"https:\/\/killwoon.lu\/lu\/wp-json\/wp\/v2\/comments?post=882"}],"version-history":[{"count":1,"href":"https:\/\/killwoon.lu\/lu\/wp-json\/wp\/v2\/pages\/882\/revisions"}],"predecessor-version":[{"id":884,"href":"https:\/\/killwoon.lu\/lu\/wp-json\/wp\/v2\/pages\/882\/revisions\/884"}],"wp:attachment":[{"href":"https:\/\/killwoon.lu\/lu\/wp-json\/wp\/v2\/media?parent=882"}],"curies":[{"name":"wp","href":"https:\/\/api.w.org\/{rel}","templated":true}]}}